{"id":1305,"date":"2018-08-22T19:23:06","date_gmt":"2018-08-22T19:23:06","guid":{"rendered":"http:\/\/www.municipiodelnayar.gob.mx\/?page_id=1305"},"modified":"2024-10-14T16:52:05","modified_gmt":"2024-10-14T16:52:05","slug":"solicitud-de-informacion","status":"publish","type":"page","link":"https:\/\/www.municipiodelnayar.gob.mx\/?page_id=1305","title":{"rendered":"Solicitud de Informaci\u00f3n"},"content":{"rendered":"<div class=\"fusion-fullwidth fullwidth-box fusion-builder-row-1 nonhundred-percent-fullwidth non-hundred-percent-height-scrolling\" style=\"background-color: rgba(255,255,255,0);background-position: center center;background-repeat: no-repeat;padding-top:0px;padding-right:0px;padding-bottom:0px;padding-left:0px;margin-bottom: 0px;margin-top: 0px;border-width: 0px 0px 0px 0px;border-color:#e2e2e2;border-style:solid;\" ><div class=\"fusion-builder-row fusion-row\"><div class=\"fusion-layout-column fusion_builder_column fusion-builder-column-0 fusion_builder_column_1_1 1_1 fusion-one-full fusion-column-first fusion-column-last\" style=\"margin-top:0px;margin-bottom:20px;\"><div class=\"fusion-column-wrapper fusion-flex-column-wrapper-legacy\" style=\"background-position:left top;background-repeat:no-repeat;-webkit-background-size:cover;-moz-background-size:cover;-o-background-size:cover;background-size:cover;padding: 0px 0px 0px 0px;\"><div class=\"fusion-text fusion-text-1\"><h1><span style=\"color: #800000; font-size: 16px;\">\u00bfQuieres Solicitar Informaci\u00f3n?<\/span><\/h1>\n<div class=\"entry-summary\">\n<div class=\"entry-summary\">\n<p><span style=\"color: #000000;\">1.- Descarga el formato de \u2013&gt; <span style=\"color: #993300;\"><strong><a style=\"color: #993300;\" href=\"http:\/\/municipiodelnayar.gob.mx\/pdf\/formato-solicitud-informacion.pdf\">Formato de solicitud de informaci\u00f3n publica.\u00a0 <\/a><\/strong><\/span><\/span><span style=\"color: #800000;\"><span style=\"color: #000000;\">y<\/span><strong> <a style=\"color: #800000;\" href=\"https:\/\/www.municipiodelnayar.gob.mx\/pdf\/solicitud-arco.pdf\">Formato de solicitud de arco.<\/a><\/strong><\/span><\/p>\n<p><span style=\"color: #000000;\">2.- Entrega tu solicitud en La Direcci\u00f3n de Transparencia y Acceso a la Informaci\u00f3n \u00f3 env\u00eda tu solicitud v\u00eda<strong><span style=\"color: #993300;\"> <a style=\"color: #993300;\" href=\"https:\/\/www.plataformadetransparencia.org.mx\/\">PLATAFORMA NACIONAL DE TRANSPARENCIA.<\/a><\/span><\/strong><\/span><\/p>\n<p><span style=\"color: #000000;\">3.- Deber\u00e1s recibir una notificaci\u00f3n sobre tu solicitud en un m\u00e1ximo de 5 d\u00edas h\u00e1biles.<\/span><\/p>\n<p><span style=\"color: #000000;\">Tambi\u00e9n puede realizar su solicitud de informaci\u00f3n v\u00eda electr\u00f3nica, escribiendo un correo a la direcci\u00f3n: transparencia@municipiodelnayar.gob.mx<\/span><\/p>\n<p><span style=\"color: #000000;\">El correo debe contener los siguientes datos:<\/span><\/p>\n<ul>\n<li><span style=\"color: #000000;\">Nombre del solicitante y autorizados a recibir informaci\u00f3n si este fuera el caso.<\/span><\/li>\n<li><span style=\"color: #000000;\">Domicilio, correo electr\u00f3nico para recibir notificaciones.<\/span><\/li>\n<li><span style=\"color: #000000;\">La informaci\u00f3n solicitada.<\/span><\/li>\n<li><span style=\"color: #000000;\">La forma y el medio para acceder a la informaci\u00f3n.<\/span><\/li>\n<\/ul>\n<p><span style=\"color: #000000;\">La atenci\u00f3n a las solicitudes de informaci\u00f3n ser\u00e1n atendidas de acuerdo con apego al marco normativo vigente.<\/span><\/p>\n<\/div>\n<\/div>\n<\/div><div class=\"fusion-clearfix\"><\/div><\/div><\/div><\/div><\/div>\n","protected":false},"excerpt":{"rendered":"","protected":false},"author":14,"featured_media":0,"parent":0,"menu_order":0,"comment_status":"closed","ping_status":"closed","template":"","meta":{"footnotes":""},"class_list":["post-1305","page","type-page","status-publish","hentry"],"_links":{"self":[{"href":"https:\/\/www.municipiodelnayar.gob.mx\/index.php?rest_route=\/wp\/v2\/pages\/1305","targetHints":{"allow":["GET"]}}],"collection":[{"href":"https:\/\/www.municipiodelnayar.gob.mx\/index.php?rest_route=\/wp\/v2\/pages"}],"about":[{"href":"https:\/\/www.municipiodelnayar.gob.mx\/index.php?rest_route=\/wp\/v2\/types\/page"}],"author":[{"embeddable":true,"href":"https:\/\/www.municipiodelnayar.gob.mx\/index.php?rest_route=\/wp\/v2\/users\/14"}],"replies":[{"embeddable":true,"href":"https:\/\/www.municipiodelnayar.gob.mx\/index.php?rest_route=%2Fwp%2Fv2%2Fcomments&post=1305"}],"version-history":[{"count":8,"href":"https:\/\/www.municipiodelnayar.gob.mx\/index.php?rest_route=\/wp\/v2\/pages\/1305\/revisions"}],"predecessor-version":[{"id":10187,"href":"https:\/\/www.municipiodelnayar.gob.mx\/index.php?rest_route=\/wp\/v2\/pages\/1305\/revisions\/10187"}],"wp:attachment":[{"href":"https:\/\/www.municipiodelnayar.gob.mx\/index.php?rest_route=%2Fwp%2Fv2%2Fmedia&parent=1305"}],"curies":[{"name":"wp","href":"https:\/\/api.w.org\/{rel}","templated":true}]}}